{"id":820,"date":"2023-02-05T02:01:14","date_gmt":"2023-02-05T02:01:14","guid":{"rendered":"https:\/\/ricecountyneighborsunited.org\/?page_id=820"},"modified":"2025-04-06T09:31:08","modified_gmt":"2025-04-06T09:31:08","slug":"vivienda","status":"publish","type":"page","link":"https:\/\/ricecountyneighborsunited.org\/es\/vivienda\/","title":{"rendered":"Vivienda"},"content":{"rendered":"<p>Desde nuestra organizaci\u00f3n, hemos abogado por las vecinas y vecinos de bajos ingresos, particularmente personas de la comunidad hispana. Al igual que muchos lugares, Northfield tiene problemas con viviendas deficientes. Desempe\u00f1amos un papel clave en el avance de los derechos de los\/las inquilinos y trabajamos con la ciudad en su nueva ordenanza de alquiler.<\/p>\n<p>Tambi\u00e9n apoyamos a las personas que viven en Viking Terrace, el parque de casas prefabricadas m\u00e1s grande de Northfield con 180 casas, mientras navegan por los problemas con la nueva compa\u00f1\u00eda propietaria del parque de casa. Adem\u00e1s, ayudamos a Habitat for Humanity proporcionando servicios de interpretaci\u00f3n para clientes de habla hispana y apoyamos activamente iniciativas de vivienda asequible en nuestra \u00e1rea.<\/p>\n","protected":false},"excerpt":{"rendered":"<p>Desde nuestra organizaci\u00f3n, hemos abogado por las vecinas y vecinos de bajos ingresos, particularmente personas de la comunidad hispana. Al igual que muchos lugares, Northfield tiene problemas con viviendas deficientes&#8230;.<\/p>\n","protected":false},"author":3,"featured_media":0,"parent":0,"menu_order":0,"comment_status":"closed","ping_status":"closed","template":"","meta":{"footnotes":""},"class_list":["post-820","page","type-page","status-publish"],"_links":{"self":[{"href":"https:\/\/ricecountyneighborsunited.org\/es\/wp-json\/wp\/v2\/pages\/820","targetHints":{"allow":["GET"]}}],"collection":[{"href":"https:\/\/ricecountyneighborsunited.org\/es\/wp-json\/wp\/v2\/pages"}],"about":[{"href":"https:\/\/ricecountyneighborsunited.org\/es\/wp-json\/wp\/v2\/types\/page"}],"author":[{"embeddable":true,"href":"https:\/\/ricecountyneighborsunited.org\/es\/wp-json\/wp\/v2\/users\/3"}],"replies":[{"embeddable":true,"href":"https:\/\/ricecountyneighborsunited.org\/es\/wp-json\/wp\/v2\/comments?post=820"}],"version-history":[{"count":1,"href":"https:\/\/ricecountyneighborsunited.org\/es\/wp-json\/wp\/v2\/pages\/820\/revisions"}],"predecessor-version":[{"id":821,"href":"https:\/\/ricecountyneighborsunited.org\/es\/wp-json\/wp\/v2\/pages\/820\/revisions\/821"}],"wp:attachment":[{"href":"https:\/\/ricecountyneighborsunited.org\/es\/wp-json\/wp\/v2\/media?parent=820"}],"curies":[{"name":"wp","href":"https:\/\/api.w.org\/{rel}","templated":true}]}}