{"id":818,"date":"2025-04-03T13:03:31","date_gmt":"2025-04-03T13:03:31","guid":{"rendered":"https:\/\/ricecountyneighborsunited.org\/?page_id=818"},"modified":"2025-04-06T09:30:45","modified_gmt":"2025-04-06T09:30:45","slug":"educacion-2","status":"publish","type":"page","link":"https:\/\/ricecountyneighborsunited.org\/es\/educacion-2\/","title":{"rendered":"Educaci\u00f3n"},"content":{"rendered":"<p>Ofrecemos clases de educaci\u00f3n financiera dirigidas por consultoras y consultores expertos, ayudando a la comunidad inmigrante a mejorar el cr\u00e9dito, administrar la deuda y prepararse para poder comprar su casa. Tambi\u00e9n ofrecemos talleres de salud mental con psic\u00f3logos licenciados, todas las clases son en espa\u00f1ol.<\/p>\n<p>Adem\u00e1s, continuamos apoyando la iniciativa Northfield City ID, que creamos con la ciudad de Northfield. Esta identificaci\u00f3n proporciona una forma reconocida de identificaci\u00f3n emitida en los EE. UU. para muchas personas que viven en la ciudad de Northfield, inmigrantes, estudiantes internacionales y personas mayores.<\/p>\n<p>Como organizaci\u00f3n que colabora con la universidad de Carleton College, trabajamos con muchas clases diferentes y sus profesoras y profesores. Hemos trabajado en la creaci\u00f3n de mapas de nuestra ciudad para mostrar las desigualdades, la vivienda y los vecindarios, y la inmigraci\u00f3n.<\/p>\n","protected":false},"excerpt":{"rendered":"<p>Ofrecemos clases de educaci\u00f3n financiera dirigidas por consultoras y consultores expertos, ayudando a la comunidad inmigrante a mejorar el cr\u00e9dito, administrar la deuda y prepararse para poder comprar su casa&#8230;.<\/p>\n","protected":false},"author":3,"featured_media":0,"parent":0,"menu_order":0,"comment_status":"closed","ping_status":"closed","template":"","meta":{"footnotes":""},"class_list":["post-818","page","type-page","status-publish"],"_links":{"self":[{"href":"https:\/\/ricecountyneighborsunited.org\/es\/wp-json\/wp\/v2\/pages\/818","targetHints":{"allow":["GET"]}}],"collection":[{"href":"https:\/\/ricecountyneighborsunited.org\/es\/wp-json\/wp\/v2\/pages"}],"about":[{"href":"https:\/\/ricecountyneighborsunited.org\/es\/wp-json\/wp\/v2\/types\/page"}],"author":[{"embeddable":true,"href":"https:\/\/ricecountyneighborsunited.org\/es\/wp-json\/wp\/v2\/users\/3"}],"replies":[{"embeddable":true,"href":"https:\/\/ricecountyneighborsunited.org\/es\/wp-json\/wp\/v2\/comments?post=818"}],"version-history":[{"count":1,"href":"https:\/\/ricecountyneighborsunited.org\/es\/wp-json\/wp\/v2\/pages\/818\/revisions"}],"predecessor-version":[{"id":819,"href":"https:\/\/ricecountyneighborsunited.org\/es\/wp-json\/wp\/v2\/pages\/818\/revisions\/819"}],"wp:attachment":[{"href":"https:\/\/ricecountyneighborsunited.org\/es\/wp-json\/wp\/v2\/media?parent=818"}],"curies":[{"name":"wp","href":"https:\/\/api.w.org\/{rel}","templated":true}]}}