{"id":816,"date":"2025-04-03T13:03:16","date_gmt":"2025-04-03T13:03:16","guid":{"rendered":"https:\/\/ricecountyneighborsunited.org\/?page_id=816"},"modified":"2025-04-06T09:30:07","modified_gmt":"2025-04-06T09:30:07","slug":"cultura-y-arte","status":"publish","type":"page","link":"https:\/\/ricecountyneighborsunited.org\/es\/cultura-y-arte\/","title":{"rendered":"Cultura y Arte"},"content":{"rendered":"<p>En Mercado Local, ofrecemos un espacio de arte para que artistas inmigrantes muestren su trabajo. Este espacio, ubicado en la segunda secci\u00f3n de las \u00e1reas que alquilamos, es visitado semanalmente por clientes que van a comprar a\u00a0 la zona del mercado en el frente del edificio.<\/p>\n<p>Tambi\u00e9n colaboramos con miembros de la comunidad para crear murales. Nuestros proyectos anteriores incluyen el mural en Just Food Co-Op, y actualmente estamos trabajando con una granja local en Northfield para crear dos nuevos murales.<\/p>\n<p>Mantenemos un programa de radio en espa\u00f1ol en la estaci\u00f3n de radio local, KYMN. El programa tiene como objetivo llevar informaci\u00f3n y noticias importantes en espa\u00f1ol a las comunidades de habla hispana en nuestra \u00e1rea. Tambi\u00e9n entrevistamos a inmigrantes para que compartan sus historias y metas.<\/p>\n","protected":false},"excerpt":{"rendered":"<p>En Mercado Local, ofrecemos un espacio de arte para que artistas inmigrantes muestren su trabajo. Este espacio, ubicado en la segunda secci\u00f3n de las \u00e1reas que alquilamos, es visitado semanalmente&#8230;<\/p>\n","protected":false},"author":3,"featured_media":0,"parent":0,"menu_order":0,"comment_status":"closed","ping_status":"closed","template":"","meta":{"footnotes":""},"class_list":["post-816","page","type-page","status-publish"],"_links":{"self":[{"href":"https:\/\/ricecountyneighborsunited.org\/es\/wp-json\/wp\/v2\/pages\/816","targetHints":{"allow":["GET"]}}],"collection":[{"href":"https:\/\/ricecountyneighborsunited.org\/es\/wp-json\/wp\/v2\/pages"}],"about":[{"href":"https:\/\/ricecountyneighborsunited.org\/es\/wp-json\/wp\/v2\/types\/page"}],"author":[{"embeddable":true,"href":"https:\/\/ricecountyneighborsunited.org\/es\/wp-json\/wp\/v2\/users\/3"}],"replies":[{"embeddable":true,"href":"https:\/\/ricecountyneighborsunited.org\/es\/wp-json\/wp\/v2\/comments?post=816"}],"version-history":[{"count":1,"href":"https:\/\/ricecountyneighborsunited.org\/es\/wp-json\/wp\/v2\/pages\/816\/revisions"}],"predecessor-version":[{"id":817,"href":"https:\/\/ricecountyneighborsunited.org\/es\/wp-json\/wp\/v2\/pages\/816\/revisions\/817"}],"wp:attachment":[{"href":"https:\/\/ricecountyneighborsunited.org\/es\/wp-json\/wp\/v2\/media?parent=816"}],"curies":[{"name":"wp","href":"https:\/\/api.w.org\/{rel}","templated":true}]}}