{"id":814,"date":"2025-04-03T13:03:01","date_gmt":"2025-04-03T13:03:01","guid":{"rendered":"https:\/\/ricecountyneighborsunited.org\/?page_id=814"},"modified":"2025-04-06T09:29:48","modified_gmt":"2025-04-06T09:29:48","slug":"negocios","status":"publish","type":"page","link":"https:\/\/ricecountyneighborsunited.org\/es\/negocios\/","title":{"rendered":"Negocios"},"content":{"rendered":"<p>Para empoderar a las personas empresarias inmigrantes, creamos Mercado Local, un mercado y espacio comunitario en el centro de Northfield. Alberga 20 empresas, con todos los gastos cubiertos por nuestra organizaci\u00f3n sin fines de lucro, lo que permite a los proveedores tener el 100% de sus ganancias.<\/p>\n<p>M\u00e1s all\u00e1 de proporcionar espacio comercial, apoyamos a las tiendas con asesoramiento empresarial, tutor\u00eda y orientaci\u00f3n general para ayudarles a crecer y prosperar. El espacio tambi\u00e9n cuenta con una galer\u00eda de arte dedicada a artistas locales.<\/p>\n","protected":false},"excerpt":{"rendered":"<p>Para empoderar a las personas empresarias inmigrantes, creamos Mercado Local, un mercado y espacio comunitario en el centro de Northfield. Alberga 20 empresas, con todos los gastos cubiertos por nuestra&#8230;<\/p>\n","protected":false},"author":3,"featured_media":0,"parent":0,"menu_order":0,"comment_status":"closed","ping_status":"closed","template":"","meta":{"footnotes":""},"class_list":["post-814","page","type-page","status-publish"],"_links":{"self":[{"href":"https:\/\/ricecountyneighborsunited.org\/es\/wp-json\/wp\/v2\/pages\/814","targetHints":{"allow":["GET"]}}],"collection":[{"href":"https:\/\/ricecountyneighborsunited.org\/es\/wp-json\/wp\/v2\/pages"}],"about":[{"href":"https:\/\/ricecountyneighborsunited.org\/es\/wp-json\/wp\/v2\/types\/page"}],"author":[{"embeddable":true,"href":"https:\/\/ricecountyneighborsunited.org\/es\/wp-json\/wp\/v2\/users\/3"}],"replies":[{"embeddable":true,"href":"https:\/\/ricecountyneighborsunited.org\/es\/wp-json\/wp\/v2\/comments?post=814"}],"version-history":[{"count":1,"href":"https:\/\/ricecountyneighborsunited.org\/es\/wp-json\/wp\/v2\/pages\/814\/revisions"}],"predecessor-version":[{"id":815,"href":"https:\/\/ricecountyneighborsunited.org\/es\/wp-json\/wp\/v2\/pages\/814\/revisions\/815"}],"wp:attachment":[{"href":"https:\/\/ricecountyneighborsunited.org\/es\/wp-json\/wp\/v2\/media?parent=814"}],"curies":[{"name":"wp","href":"https:\/\/api.w.org\/{rel}","templated":true}]}}