{"id":529,"date":"2023-02-05T01:19:43","date_gmt":"2023-02-05T01:19:43","guid":{"rendered":"https:\/\/ricecountyneighborsunited.org\/about-us\/"},"modified":"2025-08-21T18:22:26","modified_gmt":"2025-08-21T18:22:26","slug":"quienes-somos","status":"publish","type":"page","link":"https:\/\/ricecountyneighborsunited.org\/es\/quienes-somos\/","title":{"rendered":"Quienes Somos"},"content":{"rendered":"[vc_row type=\u00bbfull_width_background\u00bb full_screen_row_position=\u00bbmiddle\u00bb column_margin=\u00bbdefault\u00bb column_direction=\u00bbdefault\u00bb column_direction_tablet=\u00bbdefault\u00bb column_direction_phone=\u00bbdefault\u00bb bg_color=\u00bb#ed9f23&#8243; scene_position=\u00bbcenter\u00bb top_padding=\u00bb8%\u00bb bottom_padding=\u00bb8%\u00bb text_color=\u00bbdark\u00bb text_align=\u00bbleft\u00bb row_border_radius=\u00bbnone\u00bb row_border_radius_applies=\u00bbbg\u00bb overflow=\u00bbvisible\u00bb id=\u00bbabout-text\u00bb overlay_strength=\u00bb1&#8243; gradient_direction=\u00bbleft_to_right\u00bb enable_shape_divider=\u00bbtrue\u00bb shape_divider_color=\u00bb#faedcd\u00bb shape_divider_position=\u00bbbottom\u00bb shape_divider_height=\u00bb200&#8243; shape_divider_bring_to_front=\u00bbtrue\u00bb bg_image_animation=\u00bbnone\u00bb shape_type=\u00bbmountains\u00bb gradient_type=\u00bbdefault\u00bb][vc_column column_padding=\u00bbno-extra-padding\u00bb column_padding_tablet=\u00bbinherit\u00bb column_padding_phone=\u00bbinherit\u00bb column_padding_position=\u00bball\u00bb column_element_direction_desktop=\u00bbdefault\u00bb column_element_spacing=\u00bbdefault\u00bb desktop_text_alignment=\u00bbdefault\u00bb tablet_text_alignment=\u00bbdefault\u00bb phone_text_alignment=\u00bbdefault\u00bb background_color_opacity=\u00bb1&#8243; background_hover_color_opacity=\u00bb1&#8243; column_backdrop_filter=\u00bbnone\u00bb column_shadow=\u00bbnone\u00bb column_border_radius=\u00bbnone\u00bb column_link_target=\u00bb_self\u00bb column_position=\u00bbdefault\u00bb gradient_direction=\u00bbleft_to_right\u00bb overlay_strength=\u00bb0.3&#8243; width=\u00bb1\/1&#8243; tablet_width_inherit=\u00bbdefault\u00bb animation_type=\u00bbdefault\u00bb enable_animation=\u00bbtrue\u00bb animation=\u00bbfade-in-from-bottom\u00bb animation_easing=\u00bbdefault\u00bb bg_image_animation=\u00bbnone\u00bb border_type=\u00bbsimple\u00bb column_border_width=\u00bbnone\u00bb column_border_style=\u00bbsolid\u00bb][split_line_heading animation_type=\u00bbline-reveal-by-space\u00bb font_style=\u00bbh3&#8243; line_reveal_by_space_text_effect=\u00bbdefault\u00bb content_alignment=\u00bbdefault\u00bb mobile_content_alignment=\u00bbinherit\u00bb link_target=\u00bb_self\u00bb text_content=\u00bbQuienes somos\u00bb font_size=\u00bb4vw\u00bb font_line_height=\u00bb0.9&#8243;][\/split_line_heading][vc_column_text]\n<h3>Vision<\/h3>\n<div id=\"WRchTxt1c-gos\" class=\"BaOVQ8 tz5f0K WRchTxt1c-gos wixui-text\" data-testid=\"richTextElement\">\n<h3>\u00abLa creciente comunidad de inmigrantes y refugiados en Northfield ha sido en gran medida invisible durante muchos a\u00f1os y sufre problemas que son espec\u00edficos para esa comunidad. Vecinxs Unidxs trabaja para abogar, dar visibilidad y empoderar a esta comunidad\u00bb.<\/h3>\n<\/div>\n[\/vc_column_text][vc_column_text css=\u00bb.vc_custom_1755800299106{padding-right: 10% !important;}\u00bb text_direction=\u00bbdefault\u00bb]\n<h3>Historia<\/h3>\n<h3>Barrios Unidos en espa\u00f1ol comenz\u00f3 en enero de 2017 con un n\u00facleo de cuatro mujeres inmigrantes y el apoyo de sus esposos despu\u00e9s de a\u00f1os de trabajo. Las cuatro mujeres tambi\u00e9n eran y siguen siendo las presentadoras del programa de radio en espa\u00f1ol. \u00abEl S\u00faper Barrio Latino\u00bb, en The One\/KYMN, estaci\u00f3n de radio local en Northfield. A partir de ah\u00ed, el grupo se ha convertido en un grupo m\u00e1s grande donde todos son bienvenidos, sin importar la raza, el origen \u00e9tnico, el pa\u00eds de origen, la religi\u00f3n, la orientaci\u00f3n sexual, la identidad de\u00a0 g\u00e9nero, la capacidad o el estado econ\u00f3mico.<\/h3>\n[\/vc_column_text][\/vc_column][\/vc_row][vc_row type=\u00bbfull_width_background\u00bb full_screen_row_position=\u00bbmiddle\u00bb column_margin=\u00bb40px\u00bb column_direction=\u00bbdefault\u00bb column_direction_tablet=\u00bbdefault\u00bb column_direction_phone=\u00bbdefault\u00bb bg_color=\u00bb#faedcd\u00bb scene_position=\u00bbcenter\u00bb top_padding=\u00bb5%\u00bb bottom_padding=\u00bb10%\u00bb top_padding_tablet=\u00bb10%\u00bb bottom_padding_tablet=\u00bb20%\u00bb text_color=\u00bbcustom\u00bb custom_text_color=\u00bb#0a0a0a\u00bb text_align=\u00bbleft\u00bb row_border_radius=\u00bbnone\u00bb row_border_radius_applies=\u00bbbg\u00bb overflow=\u00bbvisible\u00bb overlay_strength=\u00bb0.3&#8243; gradient_direction=\u00bbleft_to_right\u00bb shape_divider_color=\u00bb#7ac600&#8243; shape_divider_position=\u00bbbottom\u00bb shape_divider_height=\u00bb200&#8243; bg_image_animation=\u00bbnone\u00bb shape_type=\u00bbwaves_opacity_alt\u00bb gradient_type=\u00bbdefault\u00bb][vc_column column_padding=\u00bbno-extra-padding\u00bb column_padding_tablet=\u00bbinherit\u00bb column_padding_phone=\u00bbinherit\u00bb column_padding_position=\u00bball\u00bb column_element_direction_desktop=\u00bbdefault\u00bb column_element_spacing=\u00bbdefault\u00bb desktop_text_alignment=\u00bbdefault\u00bb tablet_text_alignment=\u00bbdefault\u00bb phone_text_alignment=\u00bbdefault\u00bb background_color_opacity=\u00bb1&#8243; background_hover_color_opacity=\u00bb1&#8243; column_backdrop_filter=\u00bbnone\u00bb column_shadow=\u00bbnone\u00bb column_border_radius=\u00bbnone\u00bb column_link_target=\u00bb_self\u00bb column_position=\u00bbdefault\u00bb gradient_direction=\u00bbleft_to_right\u00bb overlay_strength=\u00bb0.3&#8243; width=\u00bb1\/2&#8243; tablet_width_inherit=\u00bbdefault\u00bb animation_type=\u00bbdefault\u00bb bg_image_animation=\u00bbnone\u00bb border_type=\u00bbadvanced\u00bb column_border_style=\u00bbsolid\u00bb][nectar_highlighted_text color_type=\u00bbregular\u00bb text_color=\u00bb#000000&#8243; style=\u00bbhalf_text\u00bb custom_font_size=\u00bb4vw\u00bb]\n<h3>Areas<\/h3>\n[\/nectar_highlighted_text][vc_column_text]Las grandes comunidades de inmigrantes y de bajos ingresos en Northfield han sido, en gran medida, invisibles durante muchos a\u00f1os y sufren problemas que son espec\u00edficos de ellas. Vecinxs Unidxs y otros grupos en la ciudad trabajan para abogar y dar visibilidad mientras empoderan a las comunidades.<\/p>\n<p>Nos esforzamos por trabajar en \u00e1reas que necesitan mejorar en nuestra comunidad. Esas \u00e1reas incluyen, pero no se limitan a:[\/vc_column_text][\/vc_column][vc_column column_padding=\u00bbno-extra-padding\u00bb column_padding_tablet=\u00bbinherit\u00bb column_padding_phone=\u00bbinherit\u00bb column_padding_position=\u00bball\u00bb column_element_direction_desktop=\u00bbdefault\u00bb column_element_spacing=\u00bbdefault\u00bb desktop_text_alignment=\u00bbdefault\u00bb tablet_text_alignment=\u00bbdefault\u00bb phone_text_alignment=\u00bbdefault\u00bb background_color_opacity=\u00bb1&#8243; background_hover_color_opacity=\u00bb1&#8243; column_backdrop_filter=\u00bbnone\u00bb column_shadow=\u00bbnone\u00bb column_border_radius=\u00bbnone\u00bb column_link_target=\u00bb_self\u00bb column_position=\u00bbdefault\u00bb gradient_direction=\u00bbleft_to_right\u00bb overlay_strength=\u00bb0.3&#8243; width=\u00bb1\/2&#8243; tablet_width_inherit=\u00bbdefault\u00bb animation_type=\u00bbdefault\u00bb bg_image_animation=\u00bbnone\u00bb border_type=\u00bbsimple\u00bb column_border_width=\u00bbnone\u00bb column_border_style=\u00bbsolid\u00bb][vc_row_inner column_margin=\u00bbdefault\u00bb column_direction=\u00bbdefault\u00bb column_direction_tablet=\u00bbdefault\u00bb column_direction_phone=\u00bbdefault\u00bb text_align=\u00bbleft\u00bb row_position=\u00bbdefault\u00bb row_position_tablet=\u00bbinherit\u00bb row_position_phone=\u00bbinherit\u00bb overflow=\u00bbvisible\u00bb pointer_events=\u00bball\u00bb][vc_column_inner column_padding=\u00bbno-extra-padding\u00bb column_padding_tablet=\u00bbinherit\u00bb column_padding_phone=\u00bbinherit\u00bb column_padding_position=\u00bball\u00bb column_element_direction_desktop=\u00bbdefault\u00bb column_element_spacing=\u00bbdefault\u00bb desktop_text_alignment=\u00bbdefault\u00bb tablet_text_alignment=\u00bbdefault\u00bb phone_text_alignment=\u00bbdefault\u00bb background_color_opacity=\u00bb1&#8243; background_hover_color_opacity=\u00bb1&#8243; column_backdrop_filter=\u00bbnone\u00bb column_shadow=\u00bbnone\u00bb column_border_radius=\u00bbnone\u00bb column_link_target=\u00bb_self\u00bb overflow=\u00bbvisible\u00bb gradient_direction=\u00bbleft_to_right\u00bb overlay_strength=\u00bb0.3&#8243; width=\u00bb1\/2&#8243; tablet_width_inherit=\u00bbdefault\u00bb animation_type=\u00bbdefault\u00bb enable_animation=\u00bbtrue\u00bb animation=\u00bbfade-in\u00bb animation_easing=\u00bbdefault\u00bb bg_image_animation=\u00bbnone\u00bb border_type=\u00bbsimple\u00bb column_border_width=\u00bbnone\u00bb column_border_style=\u00bbsolid\u00bb][nectar_icon icon_family=\u00bbiconsmind\u00bb icon_style=\u00bbdefault\u00bb icon_color_type=\u00bbcolor_scheme\u00bb icon_color=\u00bbblack\u00bb icon_padding=\u00bb0px\u00bb pointer_events=\u00bball\u00bb icon_iconsmind=\u00bbiconsmind-Green-House\u00bb margin_top=\u00bb20&#8243;][vc_column_text css_animation=\u00bbfadeInUp\u00bb css=\u00bb.vc_custom_1679343078870{margin-bottom: 15px !important;}\u00bb]\n<h4>Vivienda<\/h4>\n[\/vc_column_text][vc_custom_heading text=\u00bbTrabajando para lograr que personas inmigrantes y de color logren ser due\u00f1as de sus propias casas y as\u00ed puedan participar en crear riqueza para sus familias<br \/>\nApartamentos: Trabajo con la ciudad hasta que se logr\u00f3 una nueva ordenanza de alquileres y protecciones a personas viviendo en apartamentos\u00bb font_container=\u00bbtag:p|text_align:left|color:rgba(0%2C0%2C0%2C0.6)\u00bb use_theme_fonts=\u00bbyes\u00bb css_animation=\u00bbfadeInUp\u00bb css=\u00bb.vc_custom_1679343091792{padding-right: 10% !important;}\u00bb][nectar_icon icon_family=\u00bbiconsmind\u00bb icon_style=\u00bbdefault\u00bb icon_color_type=\u00bbcolor_scheme\u00bb icon_color=\u00bbblack\u00bb icon_padding=\u00bb0px\u00bb pointer_events=\u00bball\u00bb icon_iconsmind=\u00bbiconsmind-Statistic\u00bb margin_top=\u00bb30&#8243;][vc_column_text css_animation=\u00bbfadeInUp\u00bb css=\u00bb.vc_custom_1679343071860{margin-bottom: 15px !important;}\u00bb]\n<h4>Apoyando Negocios Locales<\/h4>\n[\/vc_column_text][vc_custom_heading text=\u00bbApoyando negocios cuyos propietarios son parte de minor\u00edas.<br \/>\nPromotores y creadores del Mercado Local, un mercado de vendedores locales que est\u00e1n trabajando para promover sus negocios dentro de un proyecto com\u00fan.\u00bb font_container=\u00bbtag:p|text_align:left|color:rgba(0%2C0%2C0%2C0.6)\u00bb use_theme_fonts=\u00bbyes\u00bb css_animation=\u00bbfadeInUp\u00bb css=\u00bb.vc_custom_1679343057019{padding-right: 10% !important;}\u00bb][\/vc_column_inner][vc_column_inner column_padding=\u00bbno-extra-padding\u00bb column_padding_tablet=\u00bbinherit\u00bb column_padding_phone=\u00bbinherit\u00bb column_padding_position=\u00bball\u00bb column_element_direction_desktop=\u00bbdefault\u00bb column_element_spacing=\u00bbdefault\u00bb desktop_text_alignment=\u00bbdefault\u00bb tablet_text_alignment=\u00bbdefault\u00bb phone_text_alignment=\u00bbdefault\u00bb background_color_opacity=\u00bb1&#8243; background_hover_color_opacity=\u00bb1&#8243; column_backdrop_filter=\u00bbnone\u00bb column_shadow=\u00bbnone\u00bb column_border_radius=\u00bbnone\u00bb column_link_target=\u00bb_self\u00bb overflow=\u00bbvisible\u00bb gradient_direction=\u00bbleft_to_right\u00bb overlay_strength=\u00bb0.3&#8243; width=\u00bb1\/2&#8243; tablet_width_inherit=\u00bbdefault\u00bb animation_type=\u00bbdefault\u00bb enable_animation=\u00bbtrue\u00bb animation=\u00bbfade-in\u00bb animation_easing=\u00bbdefault\u00bb bg_image_animation=\u00bbnone\u00bb border_type=\u00bbsimple\u00bb column_border_width=\u00bbnone\u00bb column_border_style=\u00bbsolid\u00bb][nectar_icon icon_family=\u00bbiconsmind\u00bb icon_style=\u00bbdefault\u00bb icon_color_type=\u00bbcolor_scheme\u00bb icon_color=\u00bbblack\u00bb icon_padding=\u00bb0px\u00bb pointer_events=\u00bball\u00bb icon_iconsmind=\u00bbiconsmind-Loading\u00bb margin_top=\u00bb20&#8243;][vc_column_text css_animation=\u00bbfadeInUp\u00bb css=\u00bb.vc_custom_1679342998182{margin-bottom: 15px !important;}\u00bb]\n<h4 class=\"p1\">Cultura<\/h4>\n[\/vc_column_text][vc_custom_heading text=\u00bbTrabajamos para compartir nuestra cultura y conocer otras culturas. Realizando actividades culturales con arte, exposiciones, murales y m\u00fasica.<br \/>\nTrabajando para crear espacios de centros culturales en Northfield\u00bb font_container=\u00bbtag:p|text_align:left|color:rgba(0%2C0%2C0%2C0.6)\u00bb use_theme_fonts=\u00bbyes\u00bb css_animation=\u00bbfadeInUp\u00bb css=\u00bb.vc_custom_1679343008943{padding-right: 10% !important;}\u00bb][nectar_icon icon_family=\u00bbiconsmind\u00bb icon_style=\u00bbdefault\u00bb icon_color_type=\u00bbcolor_scheme\u00bb icon_color=\u00bbblack\u00bb icon_padding=\u00bb0px\u00bb pointer_events=\u00bball\u00bb icon_iconsmind=\u00bbiconsmind-Teacher\u00bb margin_top=\u00bb30&#8243;][vc_column_text css_animation=\u00bbfadeInUp\u00bb css=\u00bb.vc_custom_1679343016801{margin-bottom: 15px !important;}\u00bb]\n<h4>Educaci\u00f3n<\/h4>\n[\/vc_column_text][vc_custom_heading text=\u00bbPrograma de Conversaciones Necesarias para apoyar la resiliencia frente al trauma, estr\u00e9s y hacia una regulaci\u00f3n emocional positiva<br \/>\nCreamos el Comit\u00e9 Hispano con las escuelas p\u00fablicas de Northfield con reuniones de personas de la comunidad inmigrante tres veces al a\u00f1o con el Director de las escuelas de Northfield para conocer mejor qu\u00e9 preocupaciones tiene la comunidad y qu\u00e9 pueden ofrecer las escuelas. Un modo excelente de conocernos\u00bb font_container=\u00bbtag:p|text_align:left|color:rgba(0%2C0%2C0%2C0.6)\u00bb use_theme_fonts=\u00bbyes\u00bb css_animation=\u00bbfadeInUp\u00bb css=\u00bb.vc_custom_1679343036918{padding-right: 10% !important;}\u00bb][\/vc_column_inner][\/vc_row_inner][\/vc_column][\/vc_row][vc_row type=\u00bbin_container\u00bb full_screen_row_position=\u00bbmiddle\u00bb column_margin=\u00bbdefault\u00bb column_direction=\u00bbdefault\u00bb column_direction_tablet=\u00bbdefault\u00bb column_direction_phone=\u00bbdefault\u00bb scene_position=\u00bbcenter\u00bb text_color=\u00bbdark\u00bb text_align=\u00bbleft\u00bb row_border_radius=\u00bbnone\u00bb row_border_radius_applies=\u00bbbg\u00bb overflow=\u00bbvisible\u00bb overlay_strength=\u00bb0.3&#8243; gradient_direction=\u00bbleft_to_right\u00bb shape_divider_position=\u00bbbottom\u00bb bg_image_animation=\u00bbnone\u00bb][vc_column column_padding=\u00bbno-extra-padding\u00bb column_padding_tablet=\u00bbinherit\u00bb column_padding_phone=\u00bbinherit\u00bb column_padding_position=\u00bball\u00bb column_element_direction_desktop=\u00bbdefault\u00bb column_element_spacing=\u00bbdefault\u00bb desktop_text_alignment=\u00bbdefault\u00bb tablet_text_alignment=\u00bbdefault\u00bb phone_text_alignment=\u00bbdefault\u00bb background_color_opacity=\u00bb1&#8243; background_hover_color_opacity=\u00bb1&#8243; column_backdrop_filter=\u00bbnone\u00bb column_shadow=\u00bbnone\u00bb column_border_radius=\u00bbnone\u00bb column_link_target=\u00bb_self\u00bb column_position=\u00bbdefault\u00bb gradient_direction=\u00bbleft_to_right\u00bb overlay_strength=\u00bb0.3&#8243; width=\u00bb1\/1&#8243; tablet_width_inherit=\u00bbdefault\u00bb animation_type=\u00bbdefault\u00bb bg_image_animation=\u00bbnone\u00bb border_type=\u00bbsimple\u00bb column_border_width=\u00bbnone\u00bb column_border_style=\u00bbsolid\u00bb][nectar_global_section id=\u00bb112&#8243;][\/vc_column][\/vc_row]\n","protected":false},"excerpt":{"rendered":"<p>[vc_row type=\u00bbfull_width_background\u00bb full_screen_row_position=\u00bbmiddle\u00bb column_margin=\u00bbdefault\u00bb column_direction=\u00bbdefault\u00bb column_direction_tablet=\u00bbdefault\u00bb column_direction_phone=\u00bbdefault\u00bb bg_color=\u00bb#ed9f23&#8243; scene_position=\u00bbcenter\u00bb top_padding=\u00bb8%\u00bb bottom_padding=\u00bb8%\u00bb text_color=\u00bbdark\u00bb text_align=\u00bbleft\u00bb row_border_radius=\u00bbnone\u00bb row_border_radius_applies=\u00bbbg\u00bb overflow=\u00bbvisible\u00bb id=\u00bbabout-text\u00bb overlay_strength=\u00bb1&#8243; gradient_direction=\u00bbleft_to_right\u00bb enable_shape_divider=\u00bbtrue\u00bb shape_divider_color=\u00bb#faedcd\u00bb shape_divider_position=\u00bbbottom\u00bb shape_divider_height=\u00bb200&#8243; shape_divider_bring_to_front=\u00bbtrue\u00bb bg_image_animation=\u00bbnone\u00bb shape_type=\u00bbmountains\u00bb gradient_type=\u00bbdefault\u00bb][vc_column column_padding=\u00bbno-extra-padding\u00bb column_padding_tablet=\u00bbinherit\u00bb column_padding_phone=\u00bbinherit\u00bb&#8230;<\/p>\n","protected":false},"author":3,"featured_media":0,"parent":0,"menu_order":0,"comment_status":"closed","ping_status":"closed","template":"template-no-footer.php","meta":{"footnotes":""},"class_list":["post-529","page","type-page","status-publish"],"_links":{"self":[{"href":"https:\/\/ricecountyneighborsunited.org\/es\/wp-json\/wp\/v2\/pages\/529","targetHints":{"allow":["GET"]}}],"collection":[{"href":"https:\/\/ricecountyneighborsunited.org\/es\/wp-json\/wp\/v2\/pages"}],"about":[{"href":"https:\/\/ricecountyneighborsunited.org\/es\/wp-json\/wp\/v2\/types\/page"}],"author":[{"embeddable":true,"href":"https:\/\/ricecountyneighborsunited.org\/es\/wp-json\/wp\/v2\/users\/3"}],"replies":[{"embeddable":true,"href":"https:\/\/ricecountyneighborsunited.org\/es\/wp-json\/wp\/v2\/comments?post=529"}],"version-history":[{"count":7,"href":"https:\/\/ricecountyneighborsunited.org\/es\/wp-json\/wp\/v2\/pages\/529\/revisions"}],"predecessor-version":[{"id":903,"href":"https:\/\/ricecountyneighborsunited.org\/es\/wp-json\/wp\/v2\/pages\/529\/revisions\/903"}],"wp:attachment":[{"href":"https:\/\/ricecountyneighborsunited.org\/es\/wp-json\/wp\/v2\/media?parent=529"}],"curies":[{"name":"wp","href":"https:\/\/api.w.org\/{rel}","templated":true}]}}